{"id":21,"date":"2025-03-28T15:02:11","date_gmt":"2025-03-28T15:02:11","guid":{"rendered":"https:\/\/qne.plz.mybluehost.me\/website_14b99212\/?page_id=21"},"modified":"2025-08-01T13:33:42","modified_gmt":"2025-08-01T13:33:42","slug":"services","status":"publish","type":"page","link":"https:\/\/www.lct-togo.com\/fr\/services\/","title":{"rendered":"Services"},"content":{"rendered":"<div data-elementor-type=\"wp-page\" data-elementor-id=\"21\" class=\"elementor elementor-21\" data-elementor-post-type=\"page\">\n\t\t\t\t<div class=\"elementor-element elementor-element-49a97a1 section-margin__block e-con-full e-flex e-con e-parent\" data-id=\"49a97a1\" data-element_type=\"container\" data-e-type=\"container\" id=\"services-solutions\">\n\t\t<div class=\"elementor-element elementor-element-90108e5 e-con-full section-heading e-flex e-con e-child\" data-id=\"90108e5\" data-element_type=\"container\" data-e-type=\"container\">\n\t\t\t\t<div class=\"elementor-element elementor-element-84a24cb elementor-widget elementor-widget-heading\" data-id=\"84a24cb\" data-element_type=\"widget\" data-e-type=\"widget\" data-widget_type=\"heading.default\">\n\t\t\t\t<div class=\"elementor-widget-container\">\n\t\t\t\t\t<h6 class=\"elementor-heading-title elementor-size-default\">Nos services<\/h6>\t\t\t\t<\/div>\n\t\t\t\t<\/div>\n\t\t\t\t<div class=\"elementor-element elementor-element-12b1640 elementor-widget elementor-widget-heading\" data-id=\"12b1640\" data-element_type=\"widget\" data-e-type=\"widget\" data-widget_type=\"heading.default\">\n\t\t\t\t<div class=\"elementor-widget-container\">\n\t\t\t\t\t<h2 class=\"elementor-heading-title elementor-size-default\">Services <\/h2>\t\t\t\t<\/div>\n\t\t\t\t<\/div>\n\t\t\t\t<\/div>\n\t\t\t\t<div class=\"elementor-element elementor-element-226a196 elementor-widget elementor-widget-text-editor\" data-id=\"226a196\" data-element_type=\"widget\" data-e-type=\"widget\" data-widget_type=\"text-editor.default\">\n\t\t\t\t<div class=\"elementor-widget-container\">\n\t\t\t\t\t\t\t\t\t<p>Dans le respect du r\u00e8glement d\u2019exploitation du Terminal \u00e0 Conteneurs en vigueur au niveau national et des dispositions du Code ISPS (Code international pour la s\u00fbret\u00e9 des navires et des installations portuaires), Lom\u00e9 Container terminal r\u00e9alise les prestations suivantes :\n\u2022\tR\u00e9ception et livraison des conteneurs \u00e0 l\u2019importation, en transbordement et \u00e0 l\u2019exportation;\n\u2022\tContr\u00f4le, stockage, surveillance des conteneurs sur le parc \u00e0 conteneurs;\n\u2022\tD\u00e9chargement et chargement des navires porte-conteneurs, y compris le shifting et le transbordement des conteneurs;<br data-start=\"304\" data-end=\"307\" \/>Lorem ipsum dolor sit amet, consectetur adipiscing elit. Ut elit tellus, luctus nec ullamcorper mattis, pulvinar dapibus leo.<\/p>\t\t\t\t\t\t\t\t<\/div>\n\t\t\t\t<\/div>\n\t\t<div class=\"elementor-element elementor-element-5ee4584 e-grid e-con-full e-con e-child\" data-id=\"5ee4584\" data-element_type=\"container\" data-e-type=\"container\">\n\t\t<div class=\"elementor-element elementor-element-7f8e296 e-con-full e-flex e-con e-child\" data-id=\"7f8e296\" data-element_type=\"container\" data-e-type=\"container\">\n\t\t\t\t<div class=\"elementor-element elementor-element-749a2cd elementor-view-default elementor-widget elementor-widget-icon\" data-id=\"749a2cd\" data-element_type=\"widget\" data-e-type=\"widget\" data-widget_type=\"icon.default\">\n\t\t\t\t<div class=\"elementor-widget-container\">\n\t\t\t\t\t\t\t<div class=\"elementor-icon-wrapper\">\n\t\t\t<div class=\"elementor-icon\">\n\t\t\t<svg xmlns=\"http:\/\/www.w3.org\/2000\/svg\" width=\"30\" height=\"22\" viewbox=\"0 0 30 22\" fill=\"none\"><path d=\"M26.0003 5.66665H22.0003V0.333313H0.666992V17.6666H3.33366C3.33366 19.88 5.12033 21.6666 7.33366 21.6666C9.54699 21.6666 11.3337 19.88 11.3337 17.6666H19.3337C19.3337 19.88 21.1203 21.6666 23.3337 21.6666C25.547 21.6666 27.3337 19.88 27.3337 17.6666H30.0003V11L26.0003 5.66665ZM7.33366 19.6666C6.22699 19.6666 5.33366 18.7733 5.33366 17.6666C5.33366 16.56 6.22699 15.6666 7.33366 15.6666C8.44033 15.6666 9.33366 16.56 9.33366 17.6666C9.33366 18.7733 8.44033 19.6666 7.33366 19.6666ZM19.3337 4.33331H16.667V13.6666H14.0003V4.33331H11.3337V13.6666H8.66699V4.33331H6.00033V13.6666H3.33366V2.99998H19.3337V4.33331ZM23.3337 19.6666C22.227 19.6666 21.3337 18.7733 21.3337 17.6666C21.3337 16.56 22.227 15.6666 23.3337 15.6666C24.4403 15.6666 25.3337 16.56 25.3337 17.6666C25.3337 18.7733 24.4403 19.6666 23.3337 19.6666ZM22.0003 11V7.66665H25.3337L27.947 11H22.0003Z\" fill=\"#FFAA6A\"><\/path><\/svg>\t\t\t<\/div>\n\t\t<\/div>\n\t\t\t\t\t\t<\/div>\n\t\t\t\t<\/div>\n\t\t\t\t<div class=\"elementor-element elementor-element-94dd47f elementor-widget-divider--view-line elementor-widget elementor-widget-divider\" data-id=\"94dd47f\" data-element_type=\"widget\" data-e-type=\"widget\" data-widget_type=\"divider.default\">\n\t\t\t\t<div class=\"elementor-widget-container\">\n\t\t\t\t\t\t\t<div class=\"elementor-divider\">\n\t\t\t<span class=\"elementor-divider-separator\">\n\t\t\t\t\t\t<\/span>\n\t\t<\/div>\n\t\t\t\t\t\t<\/div>\n\t\t\t\t<\/div>\n\t\t\t\t<div class=\"elementor-element elementor-element-fb61ff0 elementor-widget elementor-widget-heading\" data-id=\"fb61ff0\" data-element_type=\"widget\" data-e-type=\"widget\" data-widget_type=\"heading.default\">\n\t\t\t\t<div class=\"elementor-widget-container\">\n\t\t\t\t\t<h4 class=\"elementor-heading-title elementor-size-default\">R\u00e9ception et livraison<\/h4>\t\t\t\t<\/div>\n\t\t\t\t<\/div>\n\t\t\t\t<div class=\"elementor-element elementor-element-d882796 elementor-widget elementor-widget-text-editor\" data-id=\"d882796\" data-element_type=\"widget\" data-e-type=\"widget\" data-widget_type=\"text-editor.default\">\n\t\t\t\t<div class=\"elementor-widget-container\">\n\t\t\t\t\t\t\t\t\t<p>Reception and delivery of containers for import, transshipment, and export<\/p>\t\t\t\t\t\t\t\t<\/div>\n\t\t\t\t<\/div>\n\t\t\t\t<\/div>\n\t\t<div class=\"elementor-element elementor-element-5da8b42 e-con-full e-flex e-con e-child\" data-id=\"5da8b42\" data-element_type=\"container\" data-e-type=\"container\">\n\t\t\t\t<div class=\"elementor-element elementor-element-3537893 elementor-view-default elementor-widget elementor-widget-icon\" data-id=\"3537893\" data-element_type=\"widget\" data-e-type=\"widget\" data-widget_type=\"icon.default\">\n\t\t\t\t<div class=\"elementor-widget-container\">\n\t\t\t\t\t\t\t<div class=\"elementor-icon-wrapper\">\n\t\t\t<div class=\"elementor-icon\">\n\t\t\t<svg xmlns=\"http:\/\/www.w3.org\/2000\/svg\" width=\"28\" height=\"30\" viewbox=\"0 0 28 30\" fill=\"none\"><path d=\"M5.99984 6.99998H21.9998V12.28L13.9998 9.66665L5.99984 12.28M3.25317 24.3333H3.33317C5.4665 24.3333 7.33317 23.16 8.6665 21.6666C9.99984 23.16 11.8665 24.3333 13.9998 24.3333C16.1332 24.3333 17.9998 23.16 19.3332 21.6666C20.6665 23.16 22.5332 24.3333 24.6665 24.3333H24.7332L27.2665 15.4133C27.3732 15.08 27.3332 14.7066 27.1865 14.3866C27.0132 14.0666 26.7332 13.8266 26.3865 13.72L24.6665 13.16V6.99998C24.6665 5.51998 23.4665 4.33331 21.9998 4.33331H17.9998V0.333313H9.99984V4.33331H5.99984C5.29259 4.33331 4.61432 4.61426 4.11422 5.11436C3.61412 5.61446 3.33317 6.29274 3.33317 6.99998V13.16L1.61317 13.72C1.2665 13.8266 0.986504 14.0666 0.81317 14.3866C0.666504 14.7066 0.626504 15.08 0.733171 15.4133M24.6665 27C22.8132 27 20.9598 26.3733 19.3332 25.2266C16.0798 27.5066 11.9198 27.5066 8.6665 25.2266C7.03984 26.3733 5.1865 27 3.33317 27H0.666504V29.6666H3.33317C5.15984 29.6666 6.9865 29.2 8.6665 28.3333C11.9998 30.0666 15.9998 30.0666 19.3332 28.3333C21.0132 29.2 22.8265 29.6666 24.6665 29.6666H27.3332V27H24.6665Z\" fill=\"#FFAA6A\"><\/path><\/svg>\t\t\t<\/div>\n\t\t<\/div>\n\t\t\t\t\t\t<\/div>\n\t\t\t\t<\/div>\n\t\t\t\t<div class=\"elementor-element elementor-element-08fd56c elementor-widget-divider--view-line elementor-widget elementor-widget-divider\" data-id=\"08fd56c\" data-element_type=\"widget\" data-e-type=\"widget\" data-widget_type=\"divider.default\">\n\t\t\t\t<div class=\"elementor-widget-container\">\n\t\t\t\t\t\t\t<div class=\"elementor-divider\">\n\t\t\t<span class=\"elementor-divider-separator\">\n\t\t\t\t\t\t<\/span>\n\t\t<\/div>\n\t\t\t\t\t\t<\/div>\n\t\t\t\t<\/div>\n\t\t\t\t<div class=\"elementor-element elementor-element-21d5223 elementor-widget elementor-widget-heading\" data-id=\"21d5223\" data-element_type=\"widget\" data-e-type=\"widget\" data-widget_type=\"heading.default\">\n\t\t\t\t<div class=\"elementor-widget-container\">\n\t\t\t\t\t<h4 class=\"elementor-heading-title elementor-size-default\">Ship Management<\/h4>\t\t\t\t<\/div>\n\t\t\t\t<\/div>\n\t\t\t\t<div class=\"elementor-element elementor-element-f3b961b elementor-widget elementor-widget-text-editor\" data-id=\"f3b961b\" data-element_type=\"widget\" data-e-type=\"widget\" data-widget_type=\"text-editor.default\">\n\t\t\t\t<div class=\"elementor-widget-container\">\n\t\t\t\t\t\t\t\t\t<p>Unloading and loading of container ships, including shifting and transshipment of containers<\/p>\t\t\t\t\t\t\t\t<\/div>\n\t\t\t\t<\/div>\n\t\t\t\t<\/div>\n\t\t<div class=\"elementor-element elementor-element-c6d4d68 e-con-full e-flex e-con e-child\" data-id=\"c6d4d68\" data-element_type=\"container\" data-e-type=\"container\">\n\t\t\t\t<div class=\"elementor-element elementor-element-019522a elementor-view-default elementor-widget elementor-widget-icon\" data-id=\"019522a\" data-element_type=\"widget\" data-e-type=\"widget\" data-widget_type=\"icon.default\">\n\t\t\t\t<div class=\"elementor-widget-container\">\n\t\t\t\t\t\t\t<div class=\"elementor-icon-wrapper\">\n\t\t\t<div class=\"elementor-icon\">\n\t\t\t<svg xmlns=\"http:\/\/www.w3.org\/2000\/svg\" width=\"30\" height=\"18\" viewbox=\"0 0 30 18\" fill=\"none\"><path d=\"M0.000488281 0V14.6667H1.33382C1.33382 16.1467 2.53382 17.3333 4.00049 17.3333C5.46715 17.3333 6.66716 16.1467 6.66716 14.6667H22.6672C22.6672 16.1467 23.8672 17.3333 25.3338 17.3333C26.8005 17.3333 28.0005 16.1467 28.0005 14.6667H29.3338V0H0.000488281ZM26.6672 12H24.0005V4H21.3338V12H18.6672V4H16.0005V12H13.3338V4H10.6672V12H8.00049V4H5.33382V12H2.66716V2.66667H26.6672V12Z\" fill=\"#FFAA6A\"><\/path><\/svg>\t\t\t<\/div>\n\t\t<\/div>\n\t\t\t\t\t\t<\/div>\n\t\t\t\t<\/div>\n\t\t\t\t<div class=\"elementor-element elementor-element-a469c0c elementor-widget-divider--view-line elementor-widget elementor-widget-divider\" data-id=\"a469c0c\" data-element_type=\"widget\" data-e-type=\"widget\" data-widget_type=\"divider.default\">\n\t\t\t\t<div class=\"elementor-widget-container\">\n\t\t\t\t\t\t\t<div class=\"elementor-divider\">\n\t\t\t<span class=\"elementor-divider-separator\">\n\t\t\t\t\t\t<\/span>\n\t\t<\/div>\n\t\t\t\t\t\t<\/div>\n\t\t\t\t<\/div>\n\t\t\t\t<div class=\"elementor-element elementor-element-dfb498f elementor-widget elementor-widget-heading\" data-id=\"dfb498f\" data-element_type=\"widget\" data-e-type=\"widget\" data-widget_type=\"heading.default\">\n\t\t\t\t<div class=\"elementor-widget-container\">\n\t\t\t\t\t<h4 class=\"elementor-heading-title elementor-size-default\">Container Management<\/h4>\t\t\t\t<\/div>\n\t\t\t\t<\/div>\n\t\t\t\t<div class=\"elementor-element elementor-element-f564731 elementor-widget elementor-widget-text-editor\" data-id=\"f564731\" data-element_type=\"widget\" data-e-type=\"widget\" data-widget_type=\"text-editor.default\">\n\t\t\t\t<div class=\"elementor-widget-container\">\n\t\t\t\t\t\t\t\t\t<p>Control, storage, monitoring of containers in the container yard<\/p>\t\t\t\t\t\t\t\t<\/div>\n\t\t\t\t<\/div>\n\t\t\t\t<\/div>\n\t\t\t\t<\/div>\n\t\t\t\t<\/div>\n\t\t<div class=\"elementor-element elementor-element-cea928b e-con-full section-margin__block e-flex e-con e-parent\" data-id=\"cea928b\" data-element_type=\"container\" data-e-type=\"container\">\n\t\t<div class=\"elementor-element elementor-element-2d20c46 section-padding__block e-flex e-con-boxed e-con e-child\" data-id=\"2d20c46\" data-element_type=\"container\" data-e-type=\"container\" data-settings=\"{&quot;background_background&quot;:&quot;classic&quot;}\">\n\t\t\t\t\t<div class=\"e-con-inner\">\n\t\t<div class=\"elementor-element elementor-element-f8c572a e-con-full section-heading center e-flex e-con e-child\" data-id=\"f8c572a\" data-element_type=\"container\" data-e-type=\"container\">\n\t\t\t\t<div class=\"elementor-element elementor-element-e7bf366 elementor-widget elementor-widget-heading\" data-id=\"e7bf366\" data-element_type=\"widget\" data-e-type=\"widget\" data-widget_type=\"heading.default\">\n\t\t\t\t<div class=\"elementor-widget-container\">\n\t\t\t\t\t<h6 class=\"elementor-heading-title elementor-size-default\">Plan<\/h6>\t\t\t\t<\/div>\n\t\t\t\t<\/div>\n\t\t\t\t<div class=\"elementor-element elementor-element-60f1f6f elementor-widget elementor-widget-heading\" data-id=\"60f1f6f\" data-element_type=\"widget\" data-e-type=\"widget\" data-widget_type=\"heading.default\">\n\t\t\t\t<div class=\"elementor-widget-container\">\n\t\t\t\t\t<h2 class=\"elementor-heading-title elementor-size-default\">Heures de Travail<\/h2>\t\t\t\t<\/div>\n\t\t\t\t<\/div>\n\t\t\t\t<\/div>\n\t\t\t\t<div class=\"elementor-element elementor-element-0f2f231 elementor-widget elementor-widget-heading\" data-id=\"0f2f231\" data-element_type=\"widget\" data-e-type=\"widget\" data-widget_type=\"heading.default\">\n\t\t\t\t<div class=\"elementor-widget-container\">\n\t\t\t\t\t<p class=\"elementor-heading-title elementor-size-default\">Un service minimum est assur\u00e9 pendant tous les jours f\u00e9ri\u00e9s d\u00e9clar\u00e9s.<\/p>\t\t\t\t<\/div>\n\t\t\t\t<\/div>\n\t\t\t\t\t<\/div>\n\t\t\t\t<\/div>\n\t\t<div class=\"elementor-element elementor-element-f7dbdb3 e-grid e-con-full e-con e-child\" data-id=\"f7dbdb3\" data-element_type=\"container\" data-e-type=\"container\">\n\t\t<div class=\"elementor-element elementor-element-14487fd e-con-full e-flex e-con e-child\" data-id=\"14487fd\" data-element_type=\"container\" data-e-type=\"container\" data-settings=\"{&quot;background_background&quot;:&quot;classic&quot;}\">\n\t\t\t\t<div class=\"elementor-element elementor-element-7b10913 elementor-widget elementor-widget-heading\" data-id=\"7b10913\" data-element_type=\"widget\" data-e-type=\"widget\" data-widget_type=\"heading.default\">\n\t\t\t\t<div class=\"elementor-widget-container\">\n\t\t\t\t\t<h4 class=\"elementor-heading-title elementor-size-default\">Administration<\/h4>\t\t\t\t<\/div>\n\t\t\t\t<\/div>\n\t\t<div class=\"elementor-element elementor-element-5e99626 e-con-full e-flex e-con e-child\" data-id=\"5e99626\" data-element_type=\"container\" data-e-type=\"container\">\n\t\t\t\t<div class=\"elementor-element elementor-element-6fd8129 elementor-widget elementor-widget-heading\" data-id=\"6fd8129\" data-element_type=\"widget\" data-e-type=\"widget\" data-widget_type=\"heading.default\">\n\t\t\t\t<div class=\"elementor-widget-container\">\n\t\t\t\t\t<h5 class=\"elementor-heading-title elementor-size-default\"><strong>Heures de Travail<\/strong><\/h5>\t\t\t\t<\/div>\n\t\t\t\t<\/div>\n\t\t\t\t<div class=\"elementor-element elementor-element-a47e712 elementor-widget elementor-widget-text-editor\" data-id=\"a47e712\" data-element_type=\"widget\" data-e-type=\"widget\" data-widget_type=\"text-editor.default\">\n\t\t\t\t<div class=\"elementor-widget-container\">\n\t\t\t\t\t\t\t\t\t<p>Du lundi au vendredi<br \/>08h00-12h30 &amp; 14h00-17h30<\/p>\t\t\t\t\t\t\t\t<\/div>\n\t\t\t\t<\/div>\n\t\t\t\t<\/div>\n\t\t<div class=\"elementor-element elementor-element-ee61002 e-con-full e-flex e-con e-child\" data-id=\"ee61002\" data-element_type=\"container\" data-e-type=\"container\">\n\t\t\t\t<div class=\"elementor-element elementor-element-5d4ace3 elementor-widget elementor-widget-heading\" data-id=\"5d4ace3\" data-element_type=\"widget\" data-e-type=\"widget\" data-widget_type=\"heading.default\">\n\t\t\t\t<div class=\"elementor-widget-container\">\n\t\t\t\t\t<h5 class=\"elementor-heading-title elementor-size-default\"><strong>Jours non travaill\u00e9s<\/strong><\/h5>\t\t\t\t<\/div>\n\t\t\t\t<\/div>\n\t\t\t\t<div class=\"elementor-element elementor-element-abe4ed6 elementor-widget elementor-widget-text-editor\" data-id=\"abe4ed6\" data-element_type=\"widget\" data-e-type=\"widget\" data-widget_type=\"text-editor.default\">\n\t\t\t\t<div class=\"elementor-widget-container\">\n\t\t\t\t\t\t\t\t\t<p>Samedi, Dimanche<\/p><p>&amp; Jours f\u00e9ri\u00e9s d\u00e9clar\u00e9s<\/p>\t\t\t\t\t\t\t\t<\/div>\n\t\t\t\t<\/div>\n\t\t\t\t<\/div>\n\t\t\t\t<\/div>\n\t\t<div class=\"elementor-element elementor-element-dc28b9a e-con-full e-flex e-con e-child\" data-id=\"dc28b9a\" data-element_type=\"container\" data-e-type=\"container\" data-settings=\"{&quot;background_background&quot;:&quot;classic&quot;}\">\n\t\t\t\t<div class=\"elementor-element elementor-element-81cf224 elementor-widget elementor-widget-heading\" data-id=\"81cf224\" data-element_type=\"widget\" data-e-type=\"widget\" data-widget_type=\"heading.default\">\n\t\t\t\t<div class=\"elementor-widget-container\">\n\t\t\t\t\t<h4 class=\"elementor-heading-title elementor-size-default\">Op\u00e9rations<\/h4>\t\t\t\t<\/div>\n\t\t\t\t<\/div>\n\t\t<div class=\"elementor-element elementor-element-ac6171e e-con-full e-flex e-con e-child\" data-id=\"ac6171e\" data-element_type=\"container\" data-e-type=\"container\">\n\t\t\t\t<div class=\"elementor-element elementor-element-4fc35ac elementor-widget elementor-widget-heading\" data-id=\"4fc35ac\" data-element_type=\"widget\" data-e-type=\"widget\" data-widget_type=\"heading.default\">\n\t\t\t\t<div class=\"elementor-widget-container\">\n\t\t\t\t\t<h5 class=\"elementor-heading-title elementor-size-default\"><strong>Heures de Travail<\/strong><\/h5>\t\t\t\t<\/div>\n\t\t\t\t<\/div>\n\t\t\t\t<div class=\"elementor-element elementor-element-3ca893b elementor-widget elementor-widget-text-editor\" data-id=\"3ca893b\" data-element_type=\"widget\" data-e-type=\"widget\" data-widget_type=\"text-editor.default\">\n\t\t\t\t<div class=\"elementor-widget-container\">\n\t\t\t\t\t\t\t\t\t<p>24\/7<br data-start=\"135\" data-end=\"138\" \/>Day shift: 06:00 &#8211; 14:00<br data-start=\"162\" data-end=\"165\" data-is-only-node=\"\" \/>Afternoon shift: 14:00 &#8211; 22:00<br data-start=\"195\" data-end=\"198\" \/>Night shift: 22:00 &#8211; 06:00<\/p>\t\t\t\t\t\t\t\t<\/div>\n\t\t\t\t<\/div>\n\t\t\t\t<\/div>\n\t\t<div class=\"elementor-element elementor-element-4b94847 e-con-full e-flex e-con e-child\" data-id=\"4b94847\" data-element_type=\"container\" data-e-type=\"container\">\n\t\t\t\t<div class=\"elementor-element elementor-element-87ded1e elementor-widget elementor-widget-heading\" data-id=\"87ded1e\" data-element_type=\"widget\" data-e-type=\"widget\" data-widget_type=\"heading.default\">\n\t\t\t\t<div class=\"elementor-widget-container\">\n\t\t\t\t\t<h5 class=\"elementor-heading-title elementor-size-default\"><strong>Jours non travaill\u00e9s<\/strong><\/h5>\t\t\t\t<\/div>\n\t\t\t\t<\/div>\n\t\t\t\t<div class=\"elementor-element elementor-element-0b0e058 elementor-widget elementor-widget-text-editor\" data-id=\"0b0e058\" data-element_type=\"widget\" data-e-type=\"widget\" data-widget_type=\"text-editor.default\">\n\t\t\t\t<div class=\"elementor-widget-container\">\n\t\t\t\t\t\t\t\t\t<p>1er mai : F\u00eate du Travail<\/p>\t\t\t\t\t\t\t\t<\/div>\n\t\t\t\t<\/div>\n\t\t\t\t<\/div>\n\t\t\t\t<\/div>\n\t\t<div class=\"elementor-element elementor-element-3fbd3cc e-con-full e-flex e-con e-child\" data-id=\"3fbd3cc\" data-element_type=\"container\" data-e-type=\"container\" data-settings=\"{&quot;background_background&quot;:&quot;classic&quot;}\">\n\t\t\t\t<div class=\"elementor-element elementor-element-1f818cb elementor-widget elementor-widget-heading\" data-id=\"1f818cb\" data-element_type=\"widget\" data-e-type=\"widget\" data-widget_type=\"heading.default\">\n\t\t\t\t<div class=\"elementor-widget-container\">\n\t\t\t\t\t<h4 class=\"elementor-heading-title elementor-size-default\">Recevabilit\u00e9 et facturation<\/h4>\t\t\t\t<\/div>\n\t\t\t\t<\/div>\n\t\t<div class=\"elementor-element elementor-element-2c2e441 e-con-full e-flex e-con e-child\" data-id=\"2c2e441\" data-element_type=\"container\" data-e-type=\"container\">\n\t\t\t\t<div class=\"elementor-element elementor-element-588e2ed elementor-widget elementor-widget-heading\" data-id=\"588e2ed\" data-element_type=\"widget\" data-e-type=\"widget\" data-widget_type=\"heading.default\">\n\t\t\t\t<div class=\"elementor-widget-container\">\n\t\t\t\t\t<h5 class=\"elementor-heading-title elementor-size-default\"><strong>Heures de Travail<\/strong><\/h5>\t\t\t\t<\/div>\n\t\t\t\t<\/div>\n\t\t\t\t<div class=\"elementor-element elementor-element-3fa96c9 elementor-widget elementor-widget-text-editor\" data-id=\"3fa96c9\" data-element_type=\"widget\" data-e-type=\"widget\" data-widget_type=\"text-editor.default\">\n\t\t\t\t<div class=\"elementor-widget-container\">\n\t\t\t\t\t\t\t\t\t<p>Monday to Friday 08:00 &#8211; 17:30, Saturday 08:30 &#8211; 13:00<\/p>\t\t\t\t\t\t\t\t<\/div>\n\t\t\t\t<\/div>\n\t\t\t\t<\/div>\n\t\t<div class=\"elementor-element elementor-element-1ab628f e-con-full e-flex e-con e-child\" data-id=\"1ab628f\" data-element_type=\"container\" data-e-type=\"container\">\n\t\t\t\t<div class=\"elementor-element elementor-element-c2df0fc elementor-widget elementor-widget-heading\" data-id=\"c2df0fc\" data-element_type=\"widget\" data-e-type=\"widget\" data-widget_type=\"heading.default\">\n\t\t\t\t<div class=\"elementor-widget-container\">\n\t\t\t\t\t<h5 class=\"elementor-heading-title elementor-size-default\"><strong>Jours non travaill\u00e9s<\/strong><\/h5>\t\t\t\t<\/div>\n\t\t\t\t<\/div>\n\t\t\t\t<div class=\"elementor-element elementor-element-ac89a6e elementor-widget elementor-widget-text-editor\" data-id=\"ac89a6e\" data-element_type=\"widget\" data-e-type=\"widget\" data-widget_type=\"text-editor.default\">\n\t\t\t\t<div class=\"elementor-widget-container\">\n\t\t\t\t\t\t\t\t\t<p>Samedi apr\u00e8s-midi, Dimanche et jours f\u00e9ri\u00e9s d\u00e9clar\u00e9s<\/p>\t\t\t\t\t\t\t\t<\/div>\n\t\t\t\t<\/div>\n\t\t\t\t<\/div>\n\t\t\t\t<\/div>\n\t\t\t\t<\/div>\n\t\t\t\t<\/div>\n\t\t\t\t<\/div>","protected":false},"excerpt":{"rendered":"<p>Our Services Services In compliance with the operating regulations of the Container Terminal in force at the national level and the provisions of the ISPS Code (International Ship and Port Facility Security Code), Lom\u00e9 Container Terminal carries out the following services:Lorem ipsum dolor sit amet, consectetur adipiscing elit. Ut elit tellus, luctus nec ullamcorper mattis, [&hellip;]<\/p>\n","protected":false},"author":1,"featured_media":443,"parent":0,"menu_order":0,"comment_status":"closed","ping_status":"closed","template":"","meta":{"_acf_changed":false,"nf_dc_page":"","footnotes":""},"class_list":["post-21","page","type-page","status-publish","has-post-thumbnail","hentry"],"acf":[],"_links":{"self":[{"href":"https:\/\/www.lct-togo.com\/fr\/wp-json\/wp\/v2\/pages\/21","targetHints":{"allow":["GET"]}}],"collection":[{"href":"https:\/\/www.lct-togo.com\/fr\/wp-json\/wp\/v2\/pages"}],"about":[{"href":"https:\/\/www.lct-togo.com\/fr\/wp-json\/wp\/v2\/types\/page"}],"author":[{"embeddable":true,"href":"https:\/\/www.lct-togo.com\/fr\/wp-json\/wp\/v2\/users\/1"}],"replies":[{"embeddable":true,"href":"https:\/\/www.lct-togo.com\/fr\/wp-json\/wp\/v2\/comments?post=21"}],"version-history":[{"count":20,"href":"https:\/\/www.lct-togo.com\/fr\/wp-json\/wp\/v2\/pages\/21\/revisions"}],"predecessor-version":[{"id":2377,"href":"https:\/\/www.lct-togo.com\/fr\/wp-json\/wp\/v2\/pages\/21\/revisions\/2377"}],"wp:featuredmedia":[{"embeddable":true,"href":"https:\/\/www.lct-togo.com\/fr\/wp-json\/wp\/v2\/media\/443"}],"wp:attachment":[{"href":"https:\/\/www.lct-togo.com\/fr\/wp-json\/wp\/v2\/media?parent=21"}],"curies":[{"name":"wp","href":"https:\/\/api.w.org\/{rel}","templated":true}]}}