{"id":2340,"date":"2025-07-01T09:15:52","date_gmt":"2025-07-01T09:15:52","guid":{"rendered":"https:\/\/www.lct-togo.com\/?page_id=2340"},"modified":"2025-07-01T09:37:15","modified_gmt":"2025-07-01T09:37:15","slug":"pricing","status":"publish","type":"page","link":"https:\/\/www.lct-togo.com\/fr\/pricing\/","title":{"rendered":"Tarifications"},"content":{"rendered":"<div data-elementor-type=\"wp-page\" data-elementor-id=\"2340\" class=\"elementor elementor-2340\" data-elementor-post-type=\"page\">\n\t\t\t\t<div class=\"elementor-element elementor-element-619bb9c e-flex e-con-boxed e-con e-parent\" data-id=\"619bb9c\" data-element_type=\"container\" data-e-type=\"container\">\n\t\t\t\t\t<div class=\"e-con-inner\">\n\t\t\t\t<div class=\"elementor-element elementor-element-c2a4161 elementor-widget elementor-widget-html\" data-id=\"c2a4161\" data-element_type=\"widget\" data-e-type=\"widget\" data-widget_type=\"html.default\">\n\t\t\t\t<div class=\"elementor-widget-container\">\n\t\t\t\t\t<!DOCTYPE html>\n<html lang=\"fr\">\n<head>\n  <meta charset=\"UTF-8\">\n  <title>Grille de tarification LCT<\/title>\n  <style>\n    body {\n      font-family: Arial, sans-serif;\n      margin: 20px;\n    }\n\n    .table-responsive {\n      width: 100%;\n      overflow-x: auto;\n      border: 1px solid #ccc;\n      border-radius: 5px;\n    }\n\n    table {\n      width: 100%;\n      border-collapse: collapse;\n      min-width: 900px;\n    }\n\n    th, td {\n      border: 1px solid #ccc;\n      padding: 10px;\n      text-align: left;\n      white-space: nowrap;\n    }\n\n    thead th {\n      background-color: #d9e3f0;\n    }\n\n    thead tr:first-child th {\n      background-color: white;\n      font-size: 18px;\n      text-align: center;\n    }\n\n    @media screen and (max-width: 600px) {\n      th, td {\n        font-size: 12px;\n        padding: 6px;\n      }\n    }\n  <\/style>\n<\/head>\n<body>\n\n<div class=\"table-responsive\">\n  <table>\n    <thead>\n      <tr>\n        <th colspan=\"5\">Grille de tarification LCT<\/th>\n      <\/tr>\n      <tr>\n        <th rowspan=\"2\">Manutention - Terre<br>Services Gate and Yard<\/th>\n        <th colspan=\"2\">20'<\/th>\n        <th colspan=\"2\">40'<\/th>\n      <\/tr>\n      <tr>\n        <th>Montant (XOF)<\/th>\n        <th>EUR<\/th>\n        <th>Montant (XOF)<\/th>\n        <th>EUR<\/th>\n      <\/tr>\n    <\/thead>\n    <tbody>\n      <tr><td>Import Hinterland - chargement sur camion<\/td><td>99,929<\/td><td>152.34<\/td><td>167,426<\/td><td>255.24<\/td><\/tr>\n      <tr><td>Import hinterland - d\u00e9potage LCT<\/td><td>124,992<\/td><td>190.55<\/td><td>217,553<\/td><td>331.66<\/td><\/tr>\n      <tr><td>Import transit pays c\u00f4tier - chargement sur camion<\/td><td>121,250<\/td><td>184.84<\/td><td>201,960<\/td><td>307.89<\/td><\/tr>\n      <tr><td>Import transit pays c\u00f4tier - d\u00e9potage LCT<\/td><td>146,314<\/td><td>223.05<\/td><td>252,087<\/td><td>384.30<\/td><\/tr>\n      <tr><td>Import local - chargement sur camion<\/td><td>125,524<\/td><td>191.36<\/td><td>209,468<\/td><td>319.33<\/td><\/tr>\n      <tr><td>Import local - d\u00e9potage LCT<\/td><td>175,651<\/td><td>267.78<\/td><td>284,658<\/td><td>433.96<\/td><\/tr>\n      <tr><td>Import zone franche - chargement sur camion<\/td><td>125,524<\/td><td>191.36<\/td><td>209,468<\/td><td>319.33<\/td><\/tr>\n      <tr><td>Import zone franche - d\u00e9potage LCT<\/td><td>175,651<\/td><td>267.78<\/td><td>284,658<\/td><td>433.96<\/td><\/tr>\n      <tr><td>Export Hinterland - Empotage Port<\/td><td>108,593<\/td><td>165.55<\/td><td>181,289<\/td><td>276.37<\/td><\/tr>\n      <tr><td>Export Hinterland - Empotage Ville<\/td><td>58,466<\/td><td>89.13<\/td><td>106,098<\/td><td>161.75<\/td><\/tr>\n      <tr><td>Export Pays C\u00f4tier - Empotage Port<\/td><td>117,602<\/td><td>179.28<\/td><td>198,383<\/td><td>302.43<\/td><\/tr>\n      <tr><td>Export Pays C\u00f4tier - Empotage Ville<\/td><td>67,475<\/td><td>102.87<\/td><td>123,192<\/td><td>187.81<\/td><\/tr>\n      <tr><td>Export Local - Empotage Port<\/td><td>121,067<\/td><td>184.57<\/td><td>199,422<\/td><td>304.02<\/td><\/tr>\n      <tr><td>Export Local - Empotage Ville<\/td><td>70,940<\/td><td>108.15<\/td><td>124,232<\/td><td>189.39<\/td><\/tr>\n      <tr><td>Export Zone Franche - Empotage Port<\/td><td>121,067<\/td><td>184.57<\/td><td>199,422<\/td><td>304.02<\/td><\/tr>\n      <tr><td>Export Zone Franche - Empotage Ville<\/td><td>70,940<\/td><td>108.15<\/td><td>124,232<\/td><td>189.39<\/td><\/tr>\n      <tr><td>Redevances d'\u00e9lectricit\u00e9<\/td><td>37,422<\/td><td>57.05<\/td><td>41,580<\/td><td>63.39<\/td><\/tr>\n      <tr><td>P\u00e8se-Essieux<\/td><td>2,112<\/td><td>3.22<\/td><td>4,224<\/td><td>6.44<\/td><\/tr>\n      <tr><td>Pes\u00e9e Pont-Bascule<\/td><td>9,898<\/td><td>15.09<\/td><td>12,543<\/td><td>19.12<\/td><\/tr>\n      <tr><td>Passage au scanner<\/td><td>25,064<\/td><td>38.21<\/td><td>25,064<\/td><td>38.21<\/td><\/tr>\n      <tr><td>Redevances inspection douani\u00e8re<\/td><td>25,064<\/td><td>38.21<\/td><td>50,127<\/td><td>76.42<\/td><\/tr>\n      <tr><td>Repositionnement CFS<\/td><td>25,064<\/td><td>38.21<\/td><td>50,127<\/td><td>76.42<\/td><\/tr>\n    <\/tbody>\n  <\/table>\n<\/div>\n\n<\/body>\n<\/html>\n\t\t\t\t<\/div>\n\t\t\t\t<\/div>\n\t\t\t\t\t<\/div>\n\t\t\t\t<\/div>\n\t\t<div class=\"elementor-element elementor-element-1d89136 e-flex e-con-boxed e-con e-parent\" data-id=\"1d89136\" data-element_type=\"container\" data-e-type=\"container\">\n\t\t\t\t\t<div class=\"e-con-inner\">\n\t\t\t\t<div class=\"elementor-element elementor-element-63872a4 elementor-widget elementor-widget-html\" data-id=\"63872a4\" data-element_type=\"widget\" data-e-type=\"widget\" data-widget_type=\"html.default\">\n\t\t\t\t<div class=\"elementor-widget-container\">\n\t\t\t\t\t<table border=\"1\" cellspacing=\"0\" cellpadding=\"5\">\n  <thead>\n    <tr>\n      <th colspan=\"3\" style=\"text-align: left;\">Conteneurs OOG<\/th>\n      <th colspan=\"2\" style=\"text-align: right;\">Note: +50%<\/th>\n    <\/tr>\n    <tr>\n      <th colspan=\"3\" style=\"background: #d9e3f0;\">Equipment rental<\/th>\n      <th style=\"background: #d9e3f0;\">Amount (XOF)<\/th>\n      <th style=\"background: #d9e3f0;\">EUR<\/th>\n    <\/tr>\n  <\/thead>\n  <tbody>\n    <tr><td colspan=\"3\">Location d'une grue mobile de plus de 45 tonnes<\/td><td>71,999<\/td><td>109.76<\/td><\/tr>\n    <tr><td colspan=\"3\">Location d'une grue mobile de 40 \u00e0 45 tonnes<\/td><td>40,799<\/td><td>62.20<\/td><\/tr>\n    <tr><td colspan=\"3\">Location d'une grue mobile de plus de 25 \u00e0 35 tonnes<\/td><td>24,500<\/td><td>37.35<\/td><\/tr>\n    <tr><td colspan=\"3\">Location d'une grue mobile de plus de 15 \u00e0 25 tonnes<\/td><td>16,320<\/td><td>24.88<\/td><\/tr>\n    <tr><td colspan=\"3\">Location d'une grue mobile de 15 tonnes<\/td><td>12,240<\/td><td>18.66<\/td><\/tr>\n    <tr><td colspan=\"3\">Location d'une grue mobile de 12 tonnes<\/td><td>12,000<\/td><td>18.29<\/td><\/tr>\n    <tr><td colspan=\"3\">Location d'une grue mobile de 10 tonnes<\/td><td>10,400<\/td><td>15.85<\/td><\/tr>\n    <tr><td colspan=\"3\">Location d'une grue mobile de moins de 10 tonnes<\/td><td>9,000<\/td><td>13.72<\/td><\/tr>\n    <tr><td colspan=\"3\">Location d'un chariot \u00e9l\u00e9vateur de plus de 15 \u00e0 30 tonnes<\/td><td>24,480<\/td><td>37.32<\/td><\/tr>\n    <tr><td colspan=\"3\">Location d'un chariot \u00e9l\u00e9vateur de plus de 5 \u00e0 15 tonnes<\/td><td>16,320<\/td><td>24.88<\/td><\/tr>\n    <tr><td colspan=\"3\">Location d'un chariot \u00e9l\u00e9vateur de 2 \u00e0 5 tonnes<\/td><td>7,200<\/td><td>10.98<\/td><\/tr>\n    <tr><td colspan=\"3\">Location d'une pilote<\/td><td>100,001<\/td><td>152.45<\/td><\/tr>\n    <tr><td colspan=\"3\">Location d'un porte-amarres<\/td><td>49,997<\/td><td>76.22<\/td><\/tr>\n    <tr><td colspan=\"3\">Location d'une plate-forme<\/td><td>4,800<\/td><td>7.32<\/td><\/tr>\n    <tr><td colspan=\"3\">Location d'un tracteur de 100 chevaux<\/td><td>6,200<\/td><td>9.45<\/td><\/tr>\n    <tr><td colspan=\"3\">Location d'un tracteur de 300 chevaux<\/td><td>12,240<\/td><td>18.66<\/td><\/tr>\n    <tr><td colspan=\"3\">Location d'une remorque de 15 tonnes<\/td><td>4,800<\/td><td>7.32<\/td><\/tr>\n    <tr><td colspan=\"3\">Location d'une remorque de 30 tonnes<\/td><td>9,600<\/td><td>14.64<\/td><\/tr>\n    <tr><td colspan=\"3\">Location d'une remorque de 50 tonnes<\/td><td>15,000<\/td><td>22.87<\/td><\/tr>\n    <tr><td colspan=\"3\">Location d'un pousse-wagon<\/td><td>4,800<\/td><td>7.32<\/td><\/tr>\n    <tr><td colspan=\"3\">Location d'un benne<\/td><td>1,000<\/td><td>1.52<\/td><\/tr>\n    <tr><td colspan=\"3\">Location d'un tra\u00eeneau<\/td><td>1,000<\/td><td>1.52<\/td><\/tr>\n    <tr><td colspan=\"3\">Location d'un \u00e9lingues, filets, palettes<\/td><td>1,000<\/td><td>1.52<\/td><\/tr>\n    <tr><td colspan=\"3\">Location de grue mobile MHC max 100T<\/td><td>983,936<\/td><td>1,500.00<\/td><\/tr>\n    <tr><td colspan=\"3\">Location STS max 75T<\/td><td>1,311,914<\/td><td>2,000.00<\/td><\/tr>\n  <\/tbody>\n  <tfoot>\n    <tr><td colspan=\"5\"><strong>Note:<\/strong><\/td><\/tr>\n    <tr><td colspan=\"4\"><strong>En dehors des heures de travail<\/strong><\/td><td><strong>25%<\/strong><\/td><\/tr>\n    <tr><td colspan=\"4\"><strong>Les dimanches et les jours f\u00e9ri\u00e9s<\/strong><\/td><td><strong>50%<\/strong><\/td><\/tr>\n    <tr><td colspan=\"4\"><strong>Les nuits des dimanches et des jours f\u00e9ri\u00e9s<\/strong><\/td><td><strong>100%<\/strong><\/td><\/tr>\n  <\/tfoot>\n<\/table>\n\t\t\t\t<\/div>\n\t\t\t\t<\/div>\n\t\t\t\t\t<\/div>\n\t\t\t\t<\/div>\n\t\t<div class=\"elementor-element elementor-element-2d6e956 e-flex e-con-boxed e-con e-parent\" data-id=\"2d6e956\" data-element_type=\"container\" data-e-type=\"container\">\n\t\t\t\t\t<div class=\"e-con-inner\">\n\t\t\t\t<div class=\"elementor-element elementor-element-64054de elementor-widget elementor-widget-html\" data-id=\"64054de\" data-element_type=\"widget\" data-e-type=\"widget\" data-widget_type=\"html.default\">\n\t\t\t\t<div class=\"elementor-widget-container\">\n\t\t\t\t\t<table border=\"1\" cellspacing=\"0\" cellpadding=\"5\">\n  <thead>\n    <tr>\n      <th colspan=\"3\" style=\"text-align: left;\">Conteneurs OOG<\/th>\n      <th colspan=\"2\" style=\"text-align: right;\">Note: +50%<\/th>\n    <\/tr>\n    <tr>\n      <th colspan=\"3\" style=\"background: #d9e3f0;\">Equipment rental<\/th>\n      <th style=\"background: #d9e3f0;\">Amount (XOF)<\/th>\n      <th style=\"background: #d9e3f0;\">EUR<\/th>\n    <\/tr>\n  <\/thead>\n  <tbody>\n    <tr><td colspan=\"3\">Location d'une grue mobile de plus de 45 tonnes<\/td><td>71,999<\/td><td>109.76<\/td><\/tr>\n    <tr><td colspan=\"3\">Location d'une grue mobile de 40 \u00e0 45 tonnes<\/td><td>40,799<\/td><td>62.20<\/td><\/tr>\n    <tr><td colspan=\"3\">Location d'une grue mobile de plus de 25 \u00e0 35 tonnes<\/td><td>24,500<\/td><td>37.35<\/td><\/tr>\n    <tr><td colspan=\"3\">Location d'une grue mobile de plus de 15 \u00e0 25 tonnes<\/td><td>16,320<\/td><td>24.88<\/td><\/tr>\n    <tr><td colspan=\"3\">Location d'une grue mobile de 15 tonnes<\/td><td>12,240<\/td><td>18.66<\/td><\/tr>\n    <tr><td colspan=\"3\">Location d'une grue mobile de 12 tonnes<\/td><td>12,000<\/td><td>18.29<\/td><\/tr>\n    <tr><td colspan=\"3\">Location d'une grue mobile de 10 tonnes<\/td><td>10,400<\/td><td>15.85<\/td><\/tr>\n    <tr><td colspan=\"3\">Location d'une grue mobile de moins de 10 tonnes<\/td><td>9,000<\/td><td>13.72<\/td><\/tr>\n    <tr><td colspan=\"3\">Location d'un chariot \u00e9l\u00e9vateur de plus de 15 \u00e0 30 tonnes<\/td><td>24,480<\/td><td>37.32<\/td><\/tr>\n    <tr><td colspan=\"3\">Location d'un chariot \u00e9l\u00e9vateur de plus de 5 \u00e0 15 tonnes<\/td><td>16,320<\/td><td>24.88<\/td><\/tr>\n    <tr><td colspan=\"3\">Location d'un chariot \u00e9l\u00e9vateur de 2 \u00e0 5 tonnes<\/td><td>7,200<\/td><td>10.98<\/td><\/tr>\n    <tr><td colspan=\"3\">Location d'une pilote<\/td><td>100,001<\/td><td>152.45<\/td><\/tr>\n    <tr><td colspan=\"3\">Location d'un porte-amarres<\/td><td>49,997<\/td><td>76.22<\/td><\/tr>\n    <tr><td colspan=\"3\">Location d'une plate-forme<\/td><td>4,800<\/td><td>7.32<\/td><\/tr>\n    <tr><td colspan=\"3\">Location d'un tracteur de 100 chevaux<\/td><td>6,200<\/td><td>9.45<\/td><\/tr>\n    <tr><td colspan=\"3\">Location d'un tracteur de 300 chevaux<\/td><td>12,240<\/td><td>18.66<\/td><\/tr>\n    <tr><td colspan=\"3\">Location d'une remorque de 15 tonnes<\/td><td>4,800<\/td><td>7.32<\/td><\/tr>\n    <tr><td colspan=\"3\">Location d'une remorque de 30 tonnes<\/td><td>9,600<\/td><td>14.64<\/td><\/tr>\n    <tr><td colspan=\"3\">Location d'une remorque de 50 tonnes<\/td><td>15,000<\/td><td>22.87<\/td><\/tr>\n    <tr><td colspan=\"3\">Location d'un pousse-wagon<\/td><td>4,800<\/td><td>7.32<\/td><\/tr>\n    <tr><td colspan=\"3\">Location d'un benne<\/td><td>1,000<\/td><td>1.52<\/td><\/tr>\n    <tr><td colspan=\"3\">Location d'un tra\u00eeneau<\/td><td>1,000<\/td><td>1.52<\/td><\/tr>\n    <tr><td colspan=\"3\">Location d'un \u00e9lingues, filets, palettes<\/td><td>1,000<\/td><td>1.52<\/td><\/tr>\n    <tr><td colspan=\"3\">Location de grue mobile MHC max 100T<\/td><td>983,936<\/td><td>1,500.00<\/td><\/tr>\n    <tr><td colspan=\"3\">Location STS max 75T<\/td><td>1,311,914<\/td><td>2,000.00<\/td><\/tr>\n  <\/tbody>\n  <tfoot>\n    <tr><td colspan=\"5\"><strong>Note:<\/strong><\/td><\/tr>\n    <tr><td colspan=\"4\"><strong>En dehors des heures de travail<\/strong><\/td><td><strong>25%<\/strong><\/td><\/tr>\n    <tr><td colspan=\"4\"><strong>Les dimanches et les jours f\u00e9ri\u00e9s<\/strong><\/td><td><strong>50%<\/strong><\/td><\/tr>\n    <tr><td colspan=\"4\"><strong>Les nuits des dimanches et des jours f\u00e9ri\u00e9s<\/strong><\/td><td><strong>100%<\/strong><\/td><\/tr>\n  <\/tfoot>\n<\/table>\n\t\t\t\t<\/div>\n\t\t\t\t<\/div>\n\t\t\t\t\t<\/div>\n\t\t\t\t<\/div>\n\t\t\t\t<\/div>","protected":false},"excerpt":{"rendered":"<p>Grille de tarification LCT Grille de tarification LCT Manutention &#8211; TerreServices Gate and Yard 20&#8242; 40&#8242; Montant (XOF) EUR Montant (XOF) EUR Import Hinterland &#8211; chargement sur camion 99,929 152.34 167,426 255.24 Import hinterland &#8211; d\u00e9potage LCT 124,992 190.55 217,553 331.66 Import transit pays c\u00f4tier &#8211; chargement sur camion 121,250 184.84 201,960 307.89 Import transit [&hellip;]<\/p>\n","protected":false},"author":2,"featured_media":0,"parent":0,"menu_order":0,"comment_status":"closed","ping_status":"closed","template":"","meta":{"_acf_changed":false,"nf_dc_page":"","footnotes":""},"class_list":["post-2340","page","type-page","status-publish","hentry"],"acf":[],"_links":{"self":[{"href":"https:\/\/www.lct-togo.com\/fr\/wp-json\/wp\/v2\/pages\/2340","targetHints":{"allow":["GET"]}}],"collection":[{"href":"https:\/\/www.lct-togo.com\/fr\/wp-json\/wp\/v2\/pages"}],"about":[{"href":"https:\/\/www.lct-togo.com\/fr\/wp-json\/wp\/v2\/types\/page"}],"author":[{"embeddable":true,"href":"https:\/\/www.lct-togo.com\/fr\/wp-json\/wp\/v2\/users\/2"}],"replies":[{"embeddable":true,"href":"https:\/\/www.lct-togo.com\/fr\/wp-json\/wp\/v2\/comments?post=2340"}],"version-history":[{"count":7,"href":"https:\/\/www.lct-togo.com\/fr\/wp-json\/wp\/v2\/pages\/2340\/revisions"}],"predecessor-version":[{"id":2347,"href":"https:\/\/www.lct-togo.com\/fr\/wp-json\/wp\/v2\/pages\/2340\/revisions\/2347"}],"wp:attachment":[{"href":"https:\/\/www.lct-togo.com\/fr\/wp-json\/wp\/v2\/media?parent=2340"}],"curies":[{"name":"wp","href":"https:\/\/api.w.org\/{rel}","templated":true}]}}