{"id":2348,"date":"2025-07-02T08:19:33","date_gmt":"2025-07-02T08:19:33","guid":{"rendered":"https:\/\/www.lct-togo.com\/?page_id=2348"},"modified":"2025-10-09T10:34:29","modified_gmt":"2025-10-09T10:34:29","slug":"documentation","status":"publish","type":"page","link":"https:\/\/www.lct-togo.com\/fr\/documentation\/","title":{"rendered":"Documentation"},"content":{"rendered":"<div data-elementor-type=\"wp-page\" data-elementor-id=\"2348\" class=\"elementor elementor-2348\" data-elementor-post-type=\"page\">\n\t\t\t\t<div class=\"elementor-element elementor-element-1ac37ad section-margin__block e-con-full e-flex e-con e-parent\" data-id=\"1ac37ad\" data-element_type=\"container\" data-e-type=\"container\">\n\t\t<div class=\"elementor-element elementor-element-b6d7906 e-con-full section-heading e-flex e-con e-child\" data-id=\"b6d7906\" data-element_type=\"container\" data-e-type=\"container\">\n\t\t\t\t<div class=\"elementor-element elementor-element-0bcf74d elementor-widget elementor-widget-heading\" data-id=\"0bcf74d\" data-element_type=\"widget\" data-e-type=\"widget\" data-widget_type=\"heading.default\">\n\t\t\t\t<div class=\"elementor-widget-container\">\n\t\t\t\t\t<h6 class=\"elementor-heading-title elementor-size-default\">Valeurs<\/h6>\t\t\t\t<\/div>\n\t\t\t\t<\/div>\n\t\t\t\t<div class=\"elementor-element elementor-element-19d22f7 elementor-widget elementor-widget-heading\" data-id=\"19d22f7\" data-element_type=\"widget\" data-e-type=\"widget\" data-widget_type=\"heading.default\">\n\t\t\t\t<div class=\"elementor-widget-container\">\n\t\t\t\t\t<h2 class=\"elementor-heading-title elementor-size-default\">Documentation<\/h2>\t\t\t\t<\/div>\n\t\t\t\t<\/div>\n\t\t\t\t<\/div>\n\t\t\t\t<div class=\"elementor-element elementor-element-e9c2975 elementor-widget elementor-widget-text-editor\" data-id=\"e9c2975\" data-element_type=\"widget\" data-e-type=\"widget\" data-widget_type=\"text-editor.default\">\n\t\t\t\t<div class=\"elementor-widget-container\">\n\t\t\t\t\t\t\t\t\t<p><strong>Dossier Export Plein<\/strong><\/p><p>*Le booking de MSC ;<br \/>*La demande de sortie de TC vide suivie d\u2019empotage adress\u00e9e au chef brigade de la douane togolaise ;<br \/>*La d\u00e9claration IM8 si la provenance de la marchandise est l\u2019hinterland ou EX3 dans le cas de la r\u00e9exportation ;<br \/>*La copie de la carte d\u2019identit\u00e9 du client\/transitaire avec le contact valide<\/p><p>\u00a0<\/p><p><strong>Dossier Livraison Vide de conteneurs<\/strong><\/p><p>*Le booking de MSC ;<br \/>*La demande de sortie de TC vide suivie d\u2019empotage adress\u00e9e au chef brigade de la douane togolaise ;<br \/>*La copie de la carte d\u2019identit\u00e9 du client\/transitaire avec le contact valide<\/p><p>\u00a0<\/p><p><strong>Dossier Import sur camion\/d\u00e9potage CFS<\/strong><\/p><p>*Le BAD de MSC ;<br \/>*La copie connaissement<br \/>*La d\u00e9claration douane<br \/>*La copie de la carte d\u2019identit\u00e9 du client\/transitaire avec le contact valide<\/p><p>\u00a0<\/p><p><strong>Dossier R\u00e9ception Vide de conteneurs<\/strong><\/p><p>*Facture LCT ;<br \/>*EIR<br \/>*BAD valide<br \/>*La copie de la carte d\u2019identit\u00e9 du client\/transitaire avec le contact valide<\/p><p>\u00a0<\/p><p><strong>Terminal Access Export Plein<\/strong><\/p><p>*Facture LCT ;<br \/>*La copie de la carte d\u2019identit\u00e9 du client\/transitaire avec le contact valide<\/p><p>\u00a0<\/p><p><strong>Terminal Access Import sur camion\/CFS<\/strong><\/p><p>*Facture LCT ;<br \/>*d\u00e9claration bon \u00e0 enlever ou bon \u00e0 entreposer<br \/>*La copie de la carte d\u2019identit\u00e9 du client\/transitaire avec le contact valide<\/p><p>\u00a0<\/p><p><strong>Dossier Demande de programmation<\/strong><\/p><p>*Facture LCT (si le conteneur doit passer par le scanner le client doit joindre le r\u00e9sultat scanner \u00e0 la demande);<br \/>*Terminal access d\u00e9potage CFS<br \/>*d\u00e9claration bon \u00e0 enlever ou bon \u00e0 entreposer<br \/>*Le BAD de MSC<\/p>\t\t\t\t\t\t\t\t<\/div>\n\t\t\t\t<\/div>\n\t\t\t\t<\/div>\n\t\t\t\t<\/div>","protected":false},"excerpt":{"rendered":"<p>Values Documentation Dossier Export Plein *Le booking de MSC ;*La demande de sortie de TC vide suivie d\u2019empotage adress\u00e9e au chef brigade de la douane togolaise ;*La d\u00e9claration IM8 si la provenance de la marchandise est l\u2019hinterland ou EX3 dans le cas de la r\u00e9exportation ;*La copie de la carte d\u2019identit\u00e9 du client\/transitaire avec le [&hellip;]<\/p>\n","protected":false},"author":2,"featured_media":0,"parent":0,"menu_order":0,"comment_status":"closed","ping_status":"closed","template":"","meta":{"_acf_changed":false,"nf_dc_page":"","footnotes":""},"class_list":["post-2348","page","type-page","status-publish","hentry"],"acf":[],"_links":{"self":[{"href":"https:\/\/www.lct-togo.com\/fr\/wp-json\/wp\/v2\/pages\/2348","targetHints":{"allow":["GET"]}}],"collection":[{"href":"https:\/\/www.lct-togo.com\/fr\/wp-json\/wp\/v2\/pages"}],"about":[{"href":"https:\/\/www.lct-togo.com\/fr\/wp-json\/wp\/v2\/types\/page"}],"author":[{"embeddable":true,"href":"https:\/\/www.lct-togo.com\/fr\/wp-json\/wp\/v2\/users\/2"}],"replies":[{"embeddable":true,"href":"https:\/\/www.lct-togo.com\/fr\/wp-json\/wp\/v2\/comments?post=2348"}],"version-history":[{"count":7,"href":"https:\/\/www.lct-togo.com\/fr\/wp-json\/wp\/v2\/pages\/2348\/revisions"}],"predecessor-version":[{"id":2536,"href":"https:\/\/www.lct-togo.com\/fr\/wp-json\/wp\/v2\/pages\/2348\/revisions\/2536"}],"wp:attachment":[{"href":"https:\/\/www.lct-togo.com\/fr\/wp-json\/wp\/v2\/media?parent=2348"}],"curies":[{"name":"wp","href":"https:\/\/api.w.org\/{rel}","templated":true}]}}