{"id":40,"date":"2025-03-28T15:29:55","date_gmt":"2025-03-28T15:29:55","guid":{"rendered":"https:\/\/qne.plz.mybluehost.me\/website_14b99212\/?page_id=40"},"modified":"2025-08-01T13:38:00","modified_gmt":"2025-08-01T13:38:00","slug":"human-resources","status":"publish","type":"page","link":"https:\/\/www.lct-togo.com\/fr\/human-resources\/","title":{"rendered":"Mots du DRH"},"content":{"rendered":"<div data-elementor-type=\"wp-page\" data-elementor-id=\"40\" class=\"elementor elementor-40\" data-elementor-post-type=\"page\">\n\t\t\t\t<div class=\"elementor-element elementor-element-1ae65e1 section-margin__block e-con-full e-flex e-con e-parent\" data-id=\"1ae65e1\" data-element_type=\"container\" data-e-type=\"container\" id=\"hr-values\">\n\t\t<div class=\"elementor-element elementor-element-2139d79 e-con-full section-heading e-flex e-con e-child\" data-id=\"2139d79\" data-element_type=\"container\" data-e-type=\"container\">\n\t\t\t\t<div class=\"elementor-element elementor-element-486a0d3 elementor-widget elementor-widget-heading\" data-id=\"486a0d3\" data-element_type=\"widget\" data-e-type=\"widget\" data-widget_type=\"heading.default\">\n\t\t\t\t<div class=\"elementor-widget-container\">\n\t\t\t\t\t<h6 class=\"elementor-heading-title elementor-size-default\">Valeurs<\/h6>\t\t\t\t<\/div>\n\t\t\t\t<\/div>\n\t\t\t\t<div class=\"elementor-element elementor-element-b71349b elementor-widget elementor-widget-heading\" data-id=\"b71349b\" data-element_type=\"widget\" data-e-type=\"widget\" data-widget_type=\"heading.default\">\n\t\t\t\t<div class=\"elementor-widget-container\">\n\t\t\t\t\t<h2 class=\"elementor-heading-title elementor-size-default\">Valeurs des Ressources Humaines<\/h2>\t\t\t\t<\/div>\n\t\t\t\t<\/div>\n\t\t\t\t<\/div>\n\t\t\t\t<div class=\"elementor-element elementor-element-7855dc4 elementor-widget elementor-widget-text-editor\" data-id=\"7855dc4\" data-element_type=\"widget\" data-e-type=\"widget\" data-widget_type=\"text-editor.default\">\n\t\t\t\t<div class=\"elementor-widget-container\">\n\t\t\t\t\t\t\t\t\t<p>Nous sommes convaincus que la r\u00e9ussite de chacun contribue activement \u00e0 la r\u00e9ussite collective de l'entreprise. C'est pourquoi notre politique RH accorde une importance capitale au d\u00e9veloppement des talents individuels et au renforcement des comp\u00e9tences. Nous favorisons l'\u00e9volution professionnelle, l'\u00e9coute et la reconnaissance, tout en favorisant le sentiment d'appartenance et en valorisant l'engagement des collaborateurs. Chaque ann\u00e9e, de nouveaux collaborateurs nous rejoignent pour accompagner notre croissance, et c'est par le recrutement externe et la mobilit\u00e9 interne que nos postes sont pourvus. Chaque nouveau membre b\u00e9n\u00e9ficie d'un processus d'int\u00e9gration soigneusement con\u00e7u, encadr\u00e9 par des professionnels exp\u00e9riment\u00e9s, et peut b\u00e9n\u00e9ficier de formations compl\u00e9mentaires dispens\u00e9es par notre centre de formation d\u00e9di\u00e9. Nous rejoindre, c'est participer \u00e0 une strat\u00e9gie ambitieuse et int\u00e9grer un environnement o\u00f9 l'innovation, les clients et les talents sont au c\u0153ur de notre \u00e9nergie.<\/p>\t\t\t\t\t\t\t\t<\/div>\n\t\t\t\t<\/div>\n\t\t\t\t<\/div>\n\t\t<div class=\"elementor-element elementor-element-f0c5921 e-grid section-margin__block e-con-full e-con e-parent\" data-id=\"f0c5921\" data-element_type=\"container\" data-e-type=\"container\">\n\t\t<div class=\"elementor-element elementor-element-ff51e6f e-con-full e-flex e-con e-child\" data-id=\"ff51e6f\" data-element_type=\"container\" data-e-type=\"container\">\n\t\t<div class=\"elementor-element elementor-element-db3d5da e-con-full section-heading e-flex e-con e-child\" data-id=\"db3d5da\" data-element_type=\"container\" data-e-type=\"container\">\n\t\t\t\t<div class=\"elementor-element elementor-element-9336d76 elementor-widget elementor-widget-heading\" data-id=\"9336d76\" data-element_type=\"widget\" data-e-type=\"widget\" data-widget_type=\"heading.default\">\n\t\t\t\t<div class=\"elementor-widget-container\">\n\t\t\t\t\t<h6 class=\"elementor-heading-title elementor-size-default\">Directeur<\/h6>\t\t\t\t<\/div>\n\t\t\t\t<\/div>\n\t\t\t\t<div class=\"elementor-element elementor-element-d562dd3 elementor-widget elementor-widget-heading\" data-id=\"d562dd3\" data-element_type=\"widget\" data-e-type=\"widget\" data-widget_type=\"heading.default\">\n\t\t\t\t<div class=\"elementor-widget-container\">\n\t\t\t\t\t<h2 class=\"elementor-heading-title elementor-size-default\">Message du directeur des ressources humaines<\/h2>\t\t\t\t<\/div>\n\t\t\t\t<\/div>\n\t\t\t\t<\/div>\n\t\t\t\t<div class=\"elementor-element elementor-element-a1496dc elementor-widget elementor-widget-text-editor\" data-id=\"a1496dc\" data-element_type=\"widget\" data-e-type=\"widget\" data-widget_type=\"text-editor.default\">\n\t\t\t\t<div class=\"elementor-widget-container\">\n\t\t\t\t\t\t\t\t\t<p class=\"\" data-start=\"0\" data-end=\"259\">LCT adh\u00e8re \u00e0 une politique d\u2019\u00e9galit\u00e9 des chances et de non-discrimination \u00e0 l\u2019embauche, sans distinction de race, de genre, de nationalit\u00e9, de religion, ni d\u2019affiliation politique ou syndicale. Le crit\u00e8re principal est la correspondance entre le profil du candidat et le poste \u00e0 pourvoir.<\/p><p class=\"\" data-start=\"0\" data-end=\"259\">\u00a0<\/p><p class=\"\" data-start=\"261\" data-end=\"378\">Soucieux de l'\u00e9panouissement professionnel et personnel de nos collaborateurs, notre ambition RH repose sur des engagements forts :<\/p><ul><li data-start=\"382\" data-end=\"474\">Commitment to integrating and retaining our employees, developing each individual&#8217;s talents.<\/li><li class=\"\" data-start=\"475\" data-end=\"564\"><p class=\"\" data-start=\"477\" data-end=\"564\">Engagement \u00e0 assurer la s\u00e9curit\u00e9 de nos collaborateurs ainsi que leurs conditions de travail.<\/p><\/li><li class=\"\" data-start=\"565\" data-end=\"635\"><p class=\"\" data-start=\"567\" data-end=\"635\">Engagement \u00e0 promouvoir le dialogue social, l\u2019esprit d\u2019\u00e9quipe et les nouvelles id\u00e9es.<\/p><\/li><\/ul>\t\t\t\t\t\t\t\t<\/div>\n\t\t\t\t<\/div>\n\t\t\t\t<div class=\"elementor-element elementor-element-4f02a27 elementor-widget__width-initial elementor-widget-tablet__width-inherit elementor-widget elementor-widget-text-editor\" data-id=\"4f02a27\" data-element_type=\"widget\" data-e-type=\"widget\" data-widget_type=\"text-editor.default\">\n\t\t\t\t<div class=\"elementor-widget-container\">\n\t\t\t\t\t\t\t\t\t<p>Joining us means becoming part of a family. If you wish to invest yourself and commit alongside us, don&#8217;t wait any longer to apply for our open positions.<\/p>\t\t\t\t\t\t\t\t<\/div>\n\t\t\t\t<\/div>\n\t\t\t\t<\/div>\n\t\t<div class=\"elementor-element elementor-element-5d8ca36 e-con-full e-flex e-con e-child\" data-id=\"5d8ca36\" data-element_type=\"container\" data-e-type=\"container\">\n\t\t\t\t<div class=\"elementor-element elementor-element-982d3f1 elementor-widget elementor-widget-image\" data-id=\"982d3f1\" data-element_type=\"widget\" data-e-type=\"widget\" data-widget_type=\"image.default\">\n\t\t\t\t<div class=\"elementor-widget-container\">\n\t\t\t\t\t\t\t\t\t\t\t\t\t\t\t<img loading=\"lazy\" decoding=\"async\" width=\"768\" height=\"433\" src=\"https:\/\/www.lct-togo.com\/wp-content\/uploads\/2025\/04\/lct-port-cranes-unloading-cargo-768x433.webp\" class=\"attachment-medium_large size-medium_large wp-image-856\" alt=\"\" srcset=\"https:\/\/www.lct-togo.com\/wp-content\/uploads\/2025\/04\/lct-port-cranes-unloading-cargo-768x433.webp 768w, https:\/\/www.lct-togo.com\/wp-content\/uploads\/2025\/04\/lct-port-cranes-unloading-cargo-300x169.webp 300w, https:\/\/www.lct-togo.com\/wp-content\/uploads\/2025\/04\/lct-port-cranes-unloading-cargo.webp 991w\" sizes=\"auto, (max-width: 768px) 100vw, 768px\" \/>\t\t\t\t\t\t\t\t\t\t\t\t\t\t\t<\/div>\n\t\t\t\t<\/div>\n\t\t\t\t<div class=\"elementor-element elementor-element-afe294d elementor-absolute elementor-hidden-mobile elementor-widget elementor-widget-image\" data-id=\"afe294d\" data-element_type=\"widget\" data-e-type=\"widget\" data-settings=\"{&quot;_position&quot;:&quot;absolute&quot;}\" data-widget_type=\"image.default\">\n\t\t\t\t<div class=\"elementor-widget-container\">\n\t\t\t\t\t\t\t\t\t\t\t\t\t\t\t<img loading=\"lazy\" decoding=\"async\" width=\"768\" height=\"432\" src=\"https:\/\/www.lct-togo.com\/wp-content\/uploads\/2025\/04\/cargo-next-to-cranes-768x432.webp\" class=\"attachment-medium_large size-medium_large wp-image-545\" alt=\"\" srcset=\"https:\/\/www.lct-togo.com\/wp-content\/uploads\/2025\/04\/cargo-next-to-cranes-768x432.webp 768w, https:\/\/www.lct-togo.com\/wp-content\/uploads\/2025\/04\/cargo-next-to-cranes-300x169.webp 300w, https:\/\/www.lct-togo.com\/wp-content\/uploads\/2025\/04\/cargo-next-to-cranes-1024x576.webp 1024w, https:\/\/www.lct-togo.com\/wp-content\/uploads\/2025\/04\/cargo-next-to-cranes.webp 1512w\" sizes=\"auto, (max-width: 768px) 100vw, 768px\" \/>\t\t\t\t\t\t\t\t\t\t\t\t\t\t\t<\/div>\n\t\t\t\t<\/div>\n\t\t\t\t<\/div>\n\t\t\t\t<\/div>\n\t\t\t\t<\/div>","protected":false},"excerpt":{"rendered":"<p>Values HR Values We are convinced that the success of each individual contributes actively to the collective success of the company. This is why our HR policy places great importance on the development of individual talents and the strengthening of skills. We promote career advancement, listening, and recognition, while fostering a sense of belonging and [&hellip;]<\/p>\n","protected":false},"author":1,"featured_media":1904,"parent":0,"menu_order":0,"comment_status":"closed","ping_status":"closed","template":"","meta":{"_acf_changed":false,"nf_dc_page":"","footnotes":""},"class_list":["post-40","page","type-page","status-publish","has-post-thumbnail","hentry"],"acf":[],"_links":{"self":[{"href":"https:\/\/www.lct-togo.com\/fr\/wp-json\/wp\/v2\/pages\/40","targetHints":{"allow":["GET"]}}],"collection":[{"href":"https:\/\/www.lct-togo.com\/fr\/wp-json\/wp\/v2\/pages"}],"about":[{"href":"https:\/\/www.lct-togo.com\/fr\/wp-json\/wp\/v2\/types\/page"}],"author":[{"embeddable":true,"href":"https:\/\/www.lct-togo.com\/fr\/wp-json\/wp\/v2\/users\/1"}],"replies":[{"embeddable":true,"href":"https:\/\/www.lct-togo.com\/fr\/wp-json\/wp\/v2\/comments?post=40"}],"version-history":[{"count":20,"href":"https:\/\/www.lct-togo.com\/fr\/wp-json\/wp\/v2\/pages\/40\/revisions"}],"predecessor-version":[{"id":2383,"href":"https:\/\/www.lct-togo.com\/fr\/wp-json\/wp\/v2\/pages\/40\/revisions\/2383"}],"wp:featuredmedia":[{"embeddable":true,"href":"https:\/\/www.lct-togo.com\/fr\/wp-json\/wp\/v2\/media\/1904"}],"wp:attachment":[{"href":"https:\/\/www.lct-togo.com\/fr\/wp-json\/wp\/v2\/media?parent=40"}],"curies":[{"name":"wp","href":"https:\/\/api.w.org\/{rel}","templated":true}]}}